{"id":10044,"date":"2023-01-27T09:05:05","date_gmt":"2023-01-27T08:05:05","guid":{"rendered":"http:\/\/new.dalomproduktion.se\/home\/"},"modified":"2023-05-30T22:52:31","modified_gmt":"2023-05-30T20:52:31","slug":"home","status":"publish","type":"page","link":"https:\/\/dalomproduktion.se\/de\/","title":{"rendered":"Home"},"content":{"rendered":"\t\t<div data-elementor-type=\"wp-page\" data-elementor-id=\"10044\" class=\"elementor elementor-10044 elementor-3693\" data-elementor-post-type=\"page\">\n\t\t\t\t<div class=\"elementor-element elementor-element-7fe6e52 e-con-full e-flex e-con e-parent\" data-id=\"7fe6e52\" data-element_type=\"container\" data-e-type=\"container\">\n\t\t<div class=\"elementor-element elementor-element-efa3a93 e-con-full e-flex e-con e-child\" data-id=\"efa3a93\" data-element_type=\"container\" data-e-type=\"container\" data-settings=\"{&quot;background_background&quot;:&quot;classic&quot;}\">\n\t\t\t\t<div class=\"elementor-element elementor-element-7f34e3d elementor-widget__width-initial elementor-widget elementor-widget-image\" data-id=\"7f34e3d\" data-element_type=\"widget\" data-e-type=\"widget\" data-widget_type=\"image.default\">\n\t\t\t\t<div class=\"elementor-widget-container\">\n\t\t\t\t\t\t\t\t\t\t\t\t\t\t\t<img fetchpriority=\"high\" decoding=\"async\" width=\"768\" height=\"1024\" src=\"https:\/\/dalomproduktion.se\/wp-content\/uploads\/2023\/05\/startbild_800-1-768x1024.jpg\" class=\"attachment-large size-large wp-image-10759\" alt=\"\" srcset=\"https:\/\/dalomproduktion.se\/wp-content\/uploads\/2023\/05\/startbild_800-1-768x1024.jpg 768w, https:\/\/dalomproduktion.se\/wp-content\/uploads\/2023\/05\/startbild_800-1-225x300.jpg 225w, https:\/\/dalomproduktion.se\/wp-content\/uploads\/2023\/05\/startbild_800-1-500x667.jpg 500w, https:\/\/dalomproduktion.se\/wp-content\/uploads\/2023\/05\/startbild_800-1.jpg 800w\" sizes=\"(max-width: 768px) 100vw, 768px\" \/>\t\t\t\t\t\t\t\t\t\t\t\t\t\t\t<\/div>\n\t\t\t\t<\/div>\n\t\t\t\t<\/div>\n\t\t<div class=\"elementor-element elementor-element-178fc50 e-con-full e-flex e-con e-child\" data-id=\"178fc50\" data-element_type=\"container\" data-e-type=\"container\">\n\t\t\t\t<div class=\"elementor-element elementor-element-5f51a86 elementor-widget__width-inherit elementor-widget elementor-widget-heading\" data-id=\"5f51a86\" data-element_type=\"widget\" data-e-type=\"widget\" data-widget_type=\"heading.default\">\n\t\t\t\t<div class=\"elementor-widget-container\">\n\t\t\t\t\t<h1 class=\"elementor-heading-title elementor-size-default\">Malwerkzeuge<\/h1>\t\t\t\t<\/div>\n\t\t\t\t<\/div>\n\t\t\t\t<div class=\"elementor-element elementor-element-c9b5070 elementor-widget__width-inherit elementor-widget elementor-widget-text-editor\" data-id=\"c9b5070\" data-element_type=\"widget\" data-e-type=\"widget\" data-widget_type=\"text-editor.default\">\n\t\t\t\t<div class=\"elementor-widget-container\">\n\t\t\t\t\t\t\t\t\t<p>&#8230; liegt Mockfj\u00e4rd. Hier ist auch die Dalom-Produktion ans\u00e4ssig. Wir stellen in Schweden kosteng\u00fcnstig verschiedene Arten von Malerwerkzeugen in der richtigen Qualit\u00e4t her.<\/p><p>In Schweden hergestellte Qualit\u00e4tsprodukte mit schnellen Lieferungen in gro\u00dfen und kleinen Mengen. Wir liefern unseren Kunden stets perfekte Produkte auf nachhaltige Weise, indem wir uns um Menschen und unsere Umwelt k\u00fcmmern.<\/p><p>Wir f\u00fchren auch verschiedene Arten von Servicearbeiten durch und verf\u00fcgen \u00fcber eine Produktion von Ascheurnen f\u00fcr die Tierverbrennung.<\/p>\t\t\t\t\t\t\t\t<\/div>\n\t\t\t\t<\/div>\n\t\t\t\t<div class=\"elementor-element elementor-element-2d87bb7 elementor-widget__width-inherit elementor-widget elementor-widget-button\" data-id=\"2d87bb7\" data-element_type=\"widget\" data-e-type=\"widget\" data-widget_type=\"button.default\">\n\t\t\t\t<div class=\"elementor-widget-container\">\n\t\t\t\t\t\t\t\t\t<div class=\"elementor-button-wrapper\">\n\t\t\t\t\t<a class=\"elementor-button elementor-button-link elementor-size-sm\" href=\"http:\/\/dalomproduktion.se\/vara-produkter\/\">\n\t\t\t\t\t\t<span class=\"elementor-button-content-wrapper\">\n\t\t\t\t\t\t\t\t\t<span class=\"elementor-button-text\">Gehe zum Laden<\/span>\n\t\t\t\t\t<\/span>\n\t\t\t\t\t<\/a>\n\t\t\t\t<\/div>\n\t\t\t\t\t\t\t\t<\/div>\n\t\t\t\t<\/div>\n\t\t\t\t<\/div>\n\t\t\t\t<\/div>\n\t\t<div class=\"elementor-element elementor-element-3a80a608 e-con-full e-flex e-con e-parent\" data-id=\"3a80a608\" data-element_type=\"container\" data-e-type=\"container\" data-settings=\"{&quot;background_background&quot;:&quot;classic&quot;}\">\n\t\t<div class=\"elementor-element elementor-element-77a6faf6 e-flex e-con-boxed e-con e-child\" data-id=\"77a6faf6\" data-element_type=\"container\" data-e-type=\"container\" data-settings=\"{&quot;background_background&quot;:&quot;classic&quot;}\">\n\t\t\t\t\t<div class=\"e-con-inner\">\n\t\t\t\t<div class=\"elementor-element elementor-element-2c0da441 elementor-widget elementor-widget-heading\" data-id=\"2c0da441\" data-element_type=\"widget\" data-e-type=\"widget\" data-widget_type=\"heading.default\">\n\t\t\t\t<div class=\"elementor-widget-container\">\n\t\t\t\t\t<h2 class=\"elementor-heading-title elementor-size-default\">Produktkategorien<\/h2>\t\t\t\t<\/div>\n\t\t\t\t<\/div>\n\t\t\t\t<div class=\"elementor-element elementor-element-b5cc3e9 elementor-product-loop-item--align-center elementor-grid-mobile-2 elementor-grid-tablet-2 elementor-grid-6 elementor-products-grid elementor-wc-products elementor-widget elementor-widget-wc-categories\" data-id=\"b5cc3e9\" data-element_type=\"widget\" data-e-type=\"widget\" data-widget_type=\"wc-categories.default\">\n\t\t\t\t<div class=\"elementor-widget-container\">\n\t\t\t\t\t<div class=\"woocommerce columns-6\">\r\n<ul class=\"products elementor-grid oceanwp-row clr grid tablet-col tablet-2-col mobile-col mobile-1-col\">\r\n<li class=\"product-category product first col span_1_of_6\">\n\t<a aria-label=\"Produktkategorie Spachtel besuchen\" href=\"https:\/\/dalomproduktion.se\/de\/produkt-kategorie\/spachtel\/\"><div class=\"product-inner clr\"><div class=\"woo-entry-image clr\"><a href=\"https:\/\/dalomproduktion.se\/de\/produkt-kategorie\/spachtel\/\"><img decoding=\"async\" src=\"https:\/\/dalomproduktion.se\/wp-content\/uploads\/2023\/05\/kategori_spacklar-1.jpg\" alt=\"Spachtel\" width=\"500\" height=\"500\" srcset=\"https:\/\/dalomproduktion.se\/wp-content\/uploads\/2023\/05\/kategori_spacklar-1.jpg 300w, https:\/\/dalomproduktion.se\/wp-content\/uploads\/2023\/05\/kategori_spacklar-1-150x150.jpg 150w, https:\/\/dalomproduktion.se\/wp-content\/uploads\/2023\/05\/kategori_spacklar-1-100x100.jpg 100w\" sizes=\"(max-width: 300px) 100vw, 300px\" \/><\/a><\/div><div class=\"woo-entry-inner clr\"><a href=\"https:\/\/dalomproduktion.se\/de\/produkt-kategorie\/spachtel\/\">\t\t<h2 class=\"woocommerce-loop-category__title\">\n\t\t\tSpachtel <mark class=\"count\">(1)<\/mark>\t\t<\/h2>\n\t\t<\/a><div class=\"woo-desc\"><div class=\"description\">10<\/div><\/div><\/div><\/div><\/a><\/li>\n<li class=\"product-category product col span_1_of_6\">\n\t<a aria-label=\"Produktkategorie Tapetenwerkzeug besuchen\" href=\"https:\/\/dalomproduktion.se\/de\/produkt-kategorie\/tapetenwerkzeug\/\"><div class=\"product-inner clr\"><div class=\"woo-entry-image clr\"><a href=\"https:\/\/dalomproduktion.se\/de\/produkt-kategorie\/tapetenwerkzeug\/\"><img decoding=\"async\" src=\"https:\/\/dalomproduktion.se\/wp-content\/uploads\/2023\/10\/limspridare-vit-230mm.jpg\" alt=\"Tapetenwerkzeug\" width=\"500\" height=\"500\" srcset=\"https:\/\/dalomproduktion.se\/wp-content\/uploads\/2023\/10\/limspridare-vit-230mm.jpg 300w, https:\/\/dalomproduktion.se\/wp-content\/uploads\/2023\/10\/limspridare-vit-230mm-150x150.jpg 150w, https:\/\/dalomproduktion.se\/wp-content\/uploads\/2023\/10\/limspridare-vit-230mm-100x100.jpg 100w\" sizes=\"(max-width: 300px) 100vw, 300px\" \/><\/a><\/div><div class=\"woo-entry-inner clr\"><a href=\"https:\/\/dalomproduktion.se\/de\/produkt-kategorie\/tapetenwerkzeug\/\">\t\t<h2 class=\"woocommerce-loop-category__title\">\n\t\t\tTapetenwerkzeug <mark class=\"count\">(1)<\/mark>\t\t<\/h2>\n\t\t<\/a><div class=\"woo-desc\"><div class=\"description\">20<\/div><\/div><\/div><\/div><\/a><\/li>\n<li class=\"product-category product col span_1_of_6\">\n\t<a aria-label=\"Produktkategorie Schleifwerkzeug besuchen\" href=\"https:\/\/dalomproduktion.se\/de\/produkt-kategorie\/schleifwerkzeug\/\"><div class=\"product-inner clr\"><div class=\"woo-entry-image clr\"><a href=\"https:\/\/dalomproduktion.se\/de\/produkt-kategorie\/schleifwerkzeug\/\"><img loading=\"lazy\" decoding=\"async\" src=\"https:\/\/dalomproduktion.se\/wp-content\/uploads\/2023\/05\/kategori_slipverktyg-1.jpg\" alt=\"Schleifwerkzeug\" width=\"500\" height=\"500\" srcset=\"https:\/\/dalomproduktion.se\/wp-content\/uploads\/2023\/05\/kategori_slipverktyg-1.jpg 300w, https:\/\/dalomproduktion.se\/wp-content\/uploads\/2023\/05\/kategori_slipverktyg-1-150x150.jpg 150w, https:\/\/dalomproduktion.se\/wp-content\/uploads\/2023\/05\/kategori_slipverktyg-1-100x100.jpg 100w\" sizes=\"(max-width: 300px) 100vw, 300px\" \/><\/a><\/div><div class=\"woo-entry-inner clr\"><a href=\"https:\/\/dalomproduktion.se\/de\/produkt-kategorie\/schleifwerkzeug\/\">\t\t<h2 class=\"woocommerce-loop-category__title\">\n\t\t\tSchleifwerkzeug <mark class=\"count\">(2)<\/mark>\t\t<\/h2>\n\t\t<\/a><div class=\"woo-desc\"><div class=\"description\">30<\/div><\/div><\/div><\/div><\/a><\/li>\n<li class=\"product-category product col span_1_of_6\">\n\t<a aria-label=\"Produktkategorie Sonstiges besuchen\" href=\"https:\/\/dalomproduktion.se\/de\/produkt-kategorie\/sonstiges\/\"><div class=\"product-inner clr\"><div class=\"woo-entry-image clr\"><a href=\"https:\/\/dalomproduktion.se\/de\/produkt-kategorie\/sonstiges\/\"><img loading=\"lazy\" decoding=\"async\" src=\"https:\/\/dalomproduktion.se\/wp-content\/uploads\/2023\/05\/kategori_ovrigt.jpg\" alt=\"Sonstiges\" width=\"500\" height=\"500\" srcset=\"https:\/\/dalomproduktion.se\/wp-content\/uploads\/2023\/05\/kategori_ovrigt.jpg 300w, https:\/\/dalomproduktion.se\/wp-content\/uploads\/2023\/05\/kategori_ovrigt-150x150.jpg 150w, https:\/\/dalomproduktion.se\/wp-content\/uploads\/2023\/05\/kategori_ovrigt-100x100.jpg 100w\" sizes=\"(max-width: 300px) 100vw, 300px\" \/><\/a><\/div><div class=\"woo-entry-inner clr\"><a href=\"https:\/\/dalomproduktion.se\/de\/produkt-kategorie\/sonstiges\/\">\t\t<h2 class=\"woocommerce-loop-category__title\">\n\t\t\tSonstiges <mark class=\"count\">(1)<\/mark>\t\t<\/h2>\n\t\t<\/a><div class=\"woo-desc\"><div class=\"description\">40<\/div><\/div><\/div><\/div><\/a><\/li>\n<li class=\"product-category product col span_1_of_6\">\n\t<a aria-label=\"Produktkategorie Urne besuchen\" href=\"https:\/\/dalomproduktion.se\/de\/produkt-kategorie\/askurnor-de\/\"><div class=\"product-inner clr\"><div class=\"woo-entry-image clr\"><a href=\"https:\/\/dalomproduktion.se\/de\/produkt-kategorie\/askurnor-de\/\"><img loading=\"lazy\" decoding=\"async\" src=\"https:\/\/dalomproduktion.se\/wp-content\/uploads\/2023\/11\/ASKURNOR-Mini-1.jpg\" alt=\"Urne\" width=\"500\" height=\"500\" srcset=\"https:\/\/dalomproduktion.se\/wp-content\/uploads\/2023\/11\/ASKURNOR-Mini-1.jpg 315w, https:\/\/dalomproduktion.se\/wp-content\/uploads\/2023\/11\/ASKURNOR-Mini-1-300x200.jpg 300w\" sizes=\"(max-width: 315px) 100vw, 315px\" \/><\/a><\/div><div class=\"woo-entry-inner clr\"><a href=\"https:\/\/dalomproduktion.se\/de\/produkt-kategorie\/askurnor-de\/\">\t\t<h2 class=\"woocommerce-loop-category__title\">\n\t\t\tUrne <mark class=\"count\">(1)<\/mark>\t\t<\/h2>\n\t\t<\/a><div class=\"woo-desc\"><div class=\"description\">50 Vi tillverkar Askurnor i plywood till Djurkremering i olika storlekar.<\/div><\/div><\/div><\/div><\/a><\/li>\n<li class=\"product-category product last col span_1_of_6\">\n\t<a aria-label=\"Produktkategorie Diensteins\u00e4tze besuchen\" href=\"https:\/\/dalomproduktion.se\/de\/produkt-kategorie\/diensteinsaetze\/\"><div class=\"product-inner clr\"><div class=\"woo-entry-image clr\"><a href=\"https:\/\/dalomproduktion.se\/de\/produkt-kategorie\/diensteinsaetze\/\"><img loading=\"lazy\" decoding=\"async\" src=\"https:\/\/dalomproduktion.se\/wp-content\/uploads\/2023\/05\/kategori_serviceuppdrag.jpg\" alt=\"Diensteins\u00e4tze\" width=\"500\" height=\"500\" srcset=\"https:\/\/dalomproduktion.se\/wp-content\/uploads\/2023\/05\/kategori_serviceuppdrag.jpg 300w, https:\/\/dalomproduktion.se\/wp-content\/uploads\/2023\/05\/kategori_serviceuppdrag-150x150.jpg 150w, https:\/\/dalomproduktion.se\/wp-content\/uploads\/2023\/05\/kategori_serviceuppdrag-100x100.jpg 100w\" sizes=\"(max-width: 300px) 100vw, 300px\" \/><\/a><\/div><div class=\"woo-entry-inner clr\"><a href=\"https:\/\/dalomproduktion.se\/de\/produkt-kategorie\/diensteinsaetze\/\">\t\t<h2 class=\"woocommerce-loop-category__title\">\n\t\t\tDiensteins\u00e4tze <mark class=\"count\">(1)<\/mark>\t\t<\/h2>\n\t\t<\/a><div class=\"woo-desc\"><div class=\"description\">60 Vi utf\u00f6r olika typer av serviceuppdrag till f\u00f6retag som snabbt beh\u00f6ver hj\u00e4lp med tex ompackning eller omm\u00e4rkning av en produkt.<\/div><\/div><\/div><\/div><\/a><\/li>\n<\/ul>\n<\/div>\t\t\t\t<\/div>\n\t\t\t\t<\/div>\n\t\t\t\t\t<\/div>\n\t\t\t\t<\/div>\n\t\t\t\t<\/div>\n\t\t<div class=\"elementor-element elementor-element-aa6dfd0 e-con-full e-flex e-con e-parent\" data-id=\"aa6dfd0\" data-element_type=\"container\" data-e-type=\"container\">\n\t\t\t\t<div class=\"elementor-element elementor-element-e1c75e9 elementor-widget elementor-widget-gallery\" data-id=\"e1c75e9\" data-element_type=\"widget\" data-e-type=\"widget\" data-settings=\"{&quot;lazyload&quot;:&quot;yes&quot;,&quot;gallery_layout&quot;:&quot;grid&quot;,&quot;columns&quot;:4,&quot;columns_tablet&quot;:2,&quot;columns_mobile&quot;:1,&quot;gap&quot;:{&quot;unit&quot;:&quot;px&quot;,&quot;size&quot;:10,&quot;sizes&quot;:[]},&quot;gap_tablet&quot;:{&quot;unit&quot;:&quot;px&quot;,&quot;size&quot;:10,&quot;sizes&quot;:[]},&quot;gap_mobile&quot;:{&quot;unit&quot;:&quot;px&quot;,&quot;size&quot;:10,&quot;sizes&quot;:[]},&quot;link_to&quot;:&quot;file&quot;,&quot;aspect_ratio&quot;:&quot;3:2&quot;,&quot;overlay_background&quot;:&quot;yes&quot;,&quot;content_hover_animation&quot;:&quot;fade-in&quot;}\" data-widget_type=\"gallery.default\">\n\t\t\t\t<div class=\"elementor-widget-container\">\n\t\t\t\t\t\t\t<div class=\"elementor-gallery__container\">\n\t\t\t\t\t\t\t<a class=\"e-gallery-item elementor-gallery-item elementor-animated-content\" href=\"https:\/\/dalomproduktion.se\/wp-content\/uploads\/2023\/05\/startbild_opt4-1.jpg\" data-elementor-open-lightbox=\"yes\" data-elementor-lightbox-slideshow=\"e1c75e9\" data-elementor-lightbox-title=\"startbild_opt4.jpg\" data-e-action-hash=\"#elementor-action%3Aaction%3Dlightbox%26settings%3DeyJpZCI6MTA4MDQsInVybCI6Imh0dHBzOlwvXC9kYWxvbXByb2R1a3Rpb24uc2VcL3dwLWNvbnRlbnRcL3VwbG9hZHNcLzIwMjNcLzA1XC9zdGFydGJpbGRfb3B0NC0xLmpwZyIsInNsaWRlc2hvdyI6ImUxYzc1ZTkifQ%3D%3D\">\n\t\t\t\t\t<div class=\"e-gallery-image elementor-gallery-item__image\" data-thumbnail=\"https:\/\/dalomproduktion.se\/wp-content\/uploads\/2023\/05\/startbild_opt4-1.jpg\" data-width=\"600\" data-height=\"800\" aria-label=\"\" role=\"img\" ><\/div>\n\t\t\t\t\t\t\t\t\t\t\t<div class=\"elementor-gallery-item__overlay\"><\/div>\n\t\t\t\t\t\t\t\t\t\t\t\t\t\t<\/a>\n\t\t\t\t\t\t\t<a class=\"e-gallery-item elementor-gallery-item elementor-animated-content\" href=\"https:\/\/dalomproduktion.se\/wp-content\/uploads\/2023\/05\/startbild_opt-1.jpg\" data-elementor-open-lightbox=\"yes\" data-elementor-lightbox-slideshow=\"e1c75e9\" data-elementor-lightbox-title=\"startbild_opt.jpg\" data-e-action-hash=\"#elementor-action%3Aaction%3Dlightbox%26settings%3DeyJpZCI6MTA4MTMsInVybCI6Imh0dHBzOlwvXC9kYWxvbXByb2R1a3Rpb24uc2VcL3dwLWNvbnRlbnRcL3VwbG9hZHNcLzIwMjNcLzA1XC9zdGFydGJpbGRfb3B0LTEuanBnIiwic2xpZGVzaG93IjoiZTFjNzVlOSJ9\">\n\t\t\t\t\t<div class=\"e-gallery-image elementor-gallery-item__image\" data-thumbnail=\"https:\/\/dalomproduktion.se\/wp-content\/uploads\/2023\/05\/startbild_opt-1.jpg\" data-width=\"600\" data-height=\"800\" aria-label=\"\" role=\"img\" ><\/div>\n\t\t\t\t\t\t\t\t\t\t\t<div class=\"elementor-gallery-item__overlay\"><\/div>\n\t\t\t\t\t\t\t\t\t\t\t\t\t\t<\/a>\n\t\t\t\t\t\t\t<a class=\"e-gallery-item elementor-gallery-item elementor-animated-content\" href=\"https:\/\/dalomproduktion.se\/wp-content\/uploads\/2023\/05\/startbild_opt3-1.jpg\" data-elementor-open-lightbox=\"yes\" data-elementor-lightbox-slideshow=\"e1c75e9\" data-elementor-lightbox-title=\"startbild_opt3.jpg\" data-e-action-hash=\"#elementor-action%3Aaction%3Dlightbox%26settings%3DeyJpZCI6MTA4MjIsInVybCI6Imh0dHBzOlwvXC9kYWxvbXByb2R1a3Rpb24uc2VcL3dwLWNvbnRlbnRcL3VwbG9hZHNcLzIwMjNcLzA1XC9zdGFydGJpbGRfb3B0My0xLmpwZyIsInNsaWRlc2hvdyI6ImUxYzc1ZTkifQ%3D%3D\">\n\t\t\t\t\t<div class=\"e-gallery-image elementor-gallery-item__image\" data-thumbnail=\"https:\/\/dalomproduktion.se\/wp-content\/uploads\/2023\/05\/startbild_opt3-1.jpg\" data-width=\"600\" data-height=\"800\" aria-label=\"\" role=\"img\" ><\/div>\n\t\t\t\t\t\t\t\t\t\t\t<div class=\"elementor-gallery-item__overlay\"><\/div>\n\t\t\t\t\t\t\t\t\t\t\t\t\t\t<\/a>\n\t\t\t\t\t\t\t<a class=\"e-gallery-item elementor-gallery-item elementor-animated-content\" href=\"https:\/\/dalomproduktion.se\/wp-content\/uploads\/2023\/05\/startbild-opt2-1.jpg\" data-elementor-open-lightbox=\"yes\" data-elementor-lightbox-slideshow=\"e1c75e9\" data-elementor-lightbox-title=\"startbild-opt2.jpg\" data-e-action-hash=\"#elementor-action%3Aaction%3Dlightbox%26settings%3DeyJpZCI6MTA4NDAsInVybCI6Imh0dHBzOlwvXC9kYWxvbXByb2R1a3Rpb24uc2VcL3dwLWNvbnRlbnRcL3VwbG9hZHNcLzIwMjNcLzA1XC9zdGFydGJpbGQtb3B0Mi0xLmpwZyIsInNsaWRlc2hvdyI6ImUxYzc1ZTkifQ%3D%3D\">\n\t\t\t\t\t<div class=\"e-gallery-image elementor-gallery-item__image\" data-thumbnail=\"https:\/\/dalomproduktion.se\/wp-content\/uploads\/2023\/05\/startbild-opt2-1.jpg\" data-width=\"600\" data-height=\"800\" aria-label=\"\" role=\"img\" ><\/div>\n\t\t\t\t\t\t\t\t\t\t\t<div class=\"elementor-gallery-item__overlay\"><\/div>\n\t\t\t\t\t\t\t\t\t\t\t\t\t\t<\/a>\n\t\t\t\t\t<\/div>\n\t\t\t\t\t<\/div>\n\t\t\t\t<\/div>\n\t\t\t\t<\/div>\n\t\t<div class=\"elementor-element elementor-element-8eaad24 e-flex e-con-boxed e-con e-parent\" data-id=\"8eaad24\" data-element_type=\"container\" data-e-type=\"container\">\n\t\t\t\t\t<div class=\"e-con-inner\">\n\t\t\t\t<div class=\"elementor-element elementor-element-c3e7c8f elementor-widget elementor-widget-heading\" data-id=\"c3e7c8f\" data-element_type=\"widget\" data-e-type=\"widget\" data-widget_type=\"heading.default\">\n\t\t\t\t<div class=\"elementor-widget-container\">\n\t\t\t\t\t<h2 class=\"elementor-heading-title elementor-size-default\">Instagram<\/h2>\t\t\t\t<\/div>\n\t\t\t\t<\/div>\n\t\t\t\t<div class=\"elementor-element elementor-element-7032667 elementor-widget elementor-widget-shortcode\" data-id=\"7032667\" data-element_type=\"widget\" data-e-type=\"widget\" data-widget_type=\"shortcode.default\">\n\t\t\t\t<div class=\"elementor-widget-container\">\n\t\t\t\t\t\t\t<div class=\"elementor-shortcode\"><\/div>\n\t\t\t\t\t\t<\/div>\n\t\t\t\t<\/div>\n\t\t\t\t\t<\/div>\n\t\t\t\t<\/div>\n\t\t\t\t<\/div>\n\t\t","protected":false},"excerpt":{"rendered":"<p>Malwerkzeuge &#8230; liegt Mockfj\u00e4rd. Hier ist auch die Dalom-Produktion ans\u00e4ssig. Wir stellen in Schweden kosteng\u00fcnstig verschiedene Arten von Malerwerkzeugen in der richtigen Qualit\u00e4t her. In Schweden hergestellte Qualit\u00e4tsprodukte mit schnellen Lieferungen in gro\u00dfen und kleinen Mengen. Wir liefern unseren Kunden stets perfekte Produkte auf nachhaltige Weise, indem wir uns um Menschen und unsere Umwelt k\u00fcmmern. [&hellip;]<\/p>\n","protected":false},"author":1,"featured_media":0,"parent":0,"menu_order":0,"comment_status":"closed","ping_status":"closed","template":"elementor_header_footer","meta":{"footnotes":""},"class_list":["post-10044","page","type-page","status-publish","hentry","entry","owp-thumbs-layout-horizontal","owp-btn-normal","owp-tabs-layout-horizontal","has-no-thumbnails","has-product-nav","circle-sale"],"_links":{"self":[{"href":"https:\/\/dalomproduktion.se\/de\/wp-json\/wp\/v2\/pages\/10044","targetHints":{"allow":["GET"]}}],"collection":[{"href":"https:\/\/dalomproduktion.se\/de\/wp-json\/wp\/v2\/pages"}],"about":[{"href":"https:\/\/dalomproduktion.se\/de\/wp-json\/wp\/v2\/types\/page"}],"author":[{"embeddable":true,"href":"https:\/\/dalomproduktion.se\/de\/wp-json\/wp\/v2\/users\/1"}],"replies":[{"embeddable":true,"href":"https:\/\/dalomproduktion.se\/de\/wp-json\/wp\/v2\/comments?post=10044"}],"version-history":[{"count":0,"href":"https:\/\/dalomproduktion.se\/de\/wp-json\/wp\/v2\/pages\/10044\/revisions"}],"wp:attachment":[{"href":"https:\/\/dalomproduktion.se\/de\/wp-json\/wp\/v2\/media?parent=10044"}],"curies":[{"name":"wp","href":"https:\/\/api.w.org\/{rel}","templated":true}]}}