{"id":10104,"date":"2023-01-27T09:05:04","date_gmt":"2023-01-27T08:05:04","guid":{"rendered":"http:\/\/new.dalomproduktion.se\/wir-ueber-uns\/"},"modified":"2023-05-30T21:22:54","modified_gmt":"2023-05-30T19:22:54","slug":"wir-ueber-uns","status":"publish","type":"page","link":"https:\/\/dalomproduktion.se\/de\/wir-ueber-uns\/","title":{"rendered":"Wir \u00fcber uns"},"content":{"rendered":"\t\t<div data-elementor-type=\"wp-page\" data-elementor-id=\"10104\" class=\"elementor elementor-10104 elementor-3750\" data-elementor-post-type=\"page\">\n\t\t\t\t<div class=\"elementor-element elementor-element-7820a559 e-con-full e-flex e-con e-parent\" data-id=\"7820a559\" data-element_type=\"container\" data-e-type=\"container\">\n\t\t<div class=\"elementor-element elementor-element-d3ef164 e-con-full e-flex e-con e-child\" data-id=\"d3ef164\" data-element_type=\"container\" data-e-type=\"container\" data-settings=\"{&quot;background_background&quot;:&quot;classic&quot;}\">\n\t\t\t\t<div class=\"elementor-element elementor-element-769c4c0b elementor-widget elementor-widget-spacer\" data-id=\"769c4c0b\" data-element_type=\"widget\" data-e-type=\"widget\" data-widget_type=\"spacer.default\">\n\t\t\t\t<div class=\"elementor-widget-container\">\n\t\t\t\t\t\t\t<div class=\"elementor-spacer\">\n\t\t\t<div class=\"elementor-spacer-inner\"><\/div>\n\t\t<\/div>\n\t\t\t\t\t\t<\/div>\n\t\t\t\t<\/div>\n\t\t\t\t<\/div>\n\t\t<div class=\"elementor-element elementor-element-7ac760a4 e-con-full e-flex e-con e-child\" data-id=\"7ac760a4\" data-element_type=\"container\" data-e-type=\"container\">\n\t\t\t\t<div class=\"elementor-element elementor-element-7a66254c elementor-widget elementor-widget-heading\" data-id=\"7a66254c\" data-element_type=\"widget\" data-e-type=\"widget\" data-widget_type=\"heading.default\">\n\t\t\t\t<div class=\"elementor-widget-container\">\n\t\t\t\t\t<h1 class=\"elementor-heading-title elementor-size-default\">Wir \u00fcber uns<\/h1>\t\t\t\t<\/div>\n\t\t\t\t<\/div>\n\t\t\t\t<div class=\"elementor-element elementor-element-6600b27b elementor-widget__width-initial elementor-widget elementor-widget-text-editor\" data-id=\"6600b27b\" data-element_type=\"widget\" data-e-type=\"widget\" data-widget_type=\"text-editor.default\">\n\t\t\t\t<div class=\"elementor-widget-container\">\n\t\t\t\t\t\t\t\t\t<p><strong>Der Betrieb von Dalom Produktions hat seinen Sitz in Mockfj\u00e4rd, einer sch\u00f6nen Gemeinde mitten in Dalarna! <\/strong><\/p>\n<p>Die Dalom Produktion begann vor 50 Jahren mit der Herstellung von Maler- und Tapezierwerkzeugen. Heute, unter neuen Eigent\u00fcmern, besteht der Wille zu investieren und zu expandieren. Dala Dispenser-Klebebandhalter, Serviceeins\u00e4tze, Aschenbecher, B-Safespray und Peewee-Club sind der Beweis daf\u00fcr. Wir sind stolz darauf, in Schweden hergestellte Klebebandhalter von hoher Qualit\u00e4t anbieten zu k\u00f6nnen. <\/p>\n<p>Stolz sind wir auch auf unser Personalkonzept, bei dem es f\u00fcr alle Menschen in der Produktion eine gewisse funktionale Abwechslung gibt. Wir passen die Arbeitsaufgaben an die individuellen Bed\u00fcrfnisse des Einzelnen an, um stets perfekte Produkte zu liefern.<\/p>\n<p>Dalom Produktion wird von Milj\u00f6kompassen AB nach dem Smart-Managementsystem f\u00fcr Arbeitsumgebung, Umwelt und Qualit\u00e4t zertifiziert, das auf ISO 45000, 14001, 9001 basiert. <\/p>\n\t\t\t\t\t\t\t\t<\/div>\n\t\t\t\t<\/div>\n\t\t<div class=\"elementor-element elementor-element-f712ff8 e-con-full e-flex e-con e-child\" data-id=\"f712ff8\" data-element_type=\"container\" data-e-type=\"container\" data-settings=\"{&quot;background_background&quot;:&quot;classic&quot;}\">\n\t\t\t\t<div class=\"elementor-element elementor-element-f310f2a elementor-widget__width-initial elementor-widget elementor-widget-text-editor\" data-id=\"f310f2a\" data-element_type=\"widget\" data-e-type=\"widget\" data-widget_type=\"text-editor.default\">\n\t\t\t\t<div class=\"elementor-widget-container\">\n\t\t\t\t\t\t\t\t\t<p>Medfinansieras av Europeiska unionen f\u00f6r \u201d Internationalisering och digitalisering av Dalom marknadsplattform\u201d<\/p>\t\t\t\t\t\t\t\t<\/div>\n\t\t\t\t<\/div>\n\t\t\t\t<div class=\"elementor-element elementor-element-117b582 elementor-widget__width-initial elementor-widget elementor-widget-image\" data-id=\"117b582\" data-element_type=\"widget\" data-e-type=\"widget\" data-widget_type=\"image.default\">\n\t\t\t\t<div class=\"elementor-widget-container\">\n\t\t\t\t\t\t\t\t\t\t\t\t\t\t\t<img fetchpriority=\"high\" decoding=\"async\" width=\"350\" height=\"300\" src=\"https:\/\/dalomproduktion.se\/wp-content\/uploads\/2023\/05\/EU-logotype-2-1.jpg\" class=\"attachment-large size-large wp-image-11074\" alt=\"\" srcset=\"https:\/\/dalomproduktion.se\/wp-content\/uploads\/2023\/05\/EU-logotype-2-1.jpg 350w, https:\/\/dalomproduktion.se\/wp-content\/uploads\/2023\/05\/EU-logotype-2-1-300x257.jpg 300w\" sizes=\"(max-width: 350px) 100vw, 350px\" \/>\t\t\t\t\t\t\t\t\t\t\t\t\t\t\t<\/div>\n\t\t\t\t<\/div>\n\t\t\t\t<\/div>\n\t\t\t\t<\/div>\n\t\t\t\t<\/div>\n\t\t<div class=\"elementor-element elementor-element-a8ca31a elementor-hidden-desktop elementor-hidden-tablet elementor-hidden-mobile e-flex e-con-boxed e-con e-parent\" data-id=\"a8ca31a\" data-element_type=\"container\" data-e-type=\"container\">\n\t\t\t\t\t<div class=\"e-con-inner\">\n\t\t<div class=\"elementor-element elementor-element-4f27d51 e-con-full e-flex e-con e-child\" data-id=\"4f27d51\" data-element_type=\"container\" data-e-type=\"container\">\n\t\t\t\t<div class=\"elementor-element elementor-element-2e41b79 elementor-widget elementor-widget-heading\" data-id=\"2e41b79\" data-element_type=\"widget\" data-e-type=\"widget\" data-widget_type=\"heading.default\">\n\t\t\t\t<div class=\"elementor-widget-container\">\n\t\t\t\t\t<h2 class=\"elementor-heading-title elementor-size-default\">Beitr\u00e4ge aus sozialen Medien<\/h2>\t\t\t\t<\/div>\n\t\t\t\t<\/div>\n\t\t\t\t<div class=\"elementor-element elementor-element-83283bc elementor-widget elementor-widget-text-editor\" data-id=\"83283bc\" data-element_type=\"widget\" data-e-type=\"widget\" data-widget_type=\"text-editor.default\">\n\t\t\t\t<div class=\"elementor-widget-container\">\n\t\t\t\t\t\t\t\t\t<p>Dies ist eine Galerie, in der Sie Bilder Ihrer letzten Social-Media-Beitr\u00e4ge pr\u00e4sentieren k\u00f6nnen<\/p>\n\t\t\t\t\t\t\t\t<\/div>\n\t\t\t\t<\/div>\n\t\t\t\t<div class=\"elementor-element elementor-element-92eca47 elementor-skin-carousel elementor-widget elementor-widget-media-carousel\" data-id=\"92eca47\" data-element_type=\"widget\" data-e-type=\"widget\" data-settings=\"{&quot;slides_per_view&quot;:&quot;5&quot;,&quot;slides_to_scroll&quot;:&quot;1&quot;,&quot;space_between&quot;:{&quot;unit&quot;:&quot;px&quot;,&quot;size&quot;:31,&quot;sizes&quot;:[]},&quot;slides_per_view_tablet&quot;:&quot;4&quot;,&quot;slides_per_view_mobile&quot;:&quot;2&quot;,&quot;skin&quot;:&quot;carousel&quot;,&quot;effect&quot;:&quot;slide&quot;,&quot;speed&quot;:500,&quot;autoplay&quot;:&quot;yes&quot;,&quot;autoplay_speed&quot;:5000,&quot;loop&quot;:&quot;yes&quot;,&quot;pause_on_hover&quot;:&quot;yes&quot;,&quot;pause_on_interaction&quot;:&quot;yes&quot;,&quot;space_between_tablet&quot;:{&quot;unit&quot;:&quot;px&quot;,&quot;size&quot;:10,&quot;sizes&quot;:[]},&quot;space_between_mobile&quot;:{&quot;unit&quot;:&quot;px&quot;,&quot;size&quot;:10,&quot;sizes&quot;:[]}}\" data-widget_type=\"media-carousel.default\">\n\t\t\t\t<div class=\"elementor-widget-container\">\n\t\t\t\t\t\t\t\t\t<div class=\"elementor-swiper\">\n\t\t\t\t\t<div class=\"elementor-main-swiper swiper\" role=\"region\" aria-roledescription=\"carousel\" aria-label=\"Slider\">\n\t\t\t\t<div class=\"swiper-wrapper\">\n\t\t\t\t\t\t\t\t\t\t\t<div class=\"swiper-slide\" role=\"group\" aria-roledescription=\"slide\">\n\t\t\t\t\t\t\t\t\t<div class=\"elementor-carousel-image\" role=\"img\" aria-label=\"Article-img_3-13122021.jpg\" style=\"background-image: url(&#039;https:\/\/dalomproduktion.se\/wp-content\/uploads\/2023\/01\/Article-img_3-13122021-1.jpg&#039;)\">\n\n\t\t\t\n\t\t\t\t\t<\/div>\n\t\t\t\t\t\t\t\t<\/div>\n\t\t\t\t\t\t\t\t\t\t\t<div class=\"swiper-slide\" role=\"group\" aria-roledescription=\"slide\">\n\t\t\t\t\t\t\t\t\t<div class=\"elementor-carousel-image\" role=\"img\" aria-label=\"Article-img_3-13122021.jpg\" style=\"background-image: url(&#039;https:\/\/dalomproduktion.se\/wp-content\/uploads\/2023\/01\/Article-img_3-13122021-1.jpg&#039;)\">\n\n\t\t\t\n\t\t\t\t\t<\/div>\n\t\t\t\t\t\t\t\t<\/div>\n\t\t\t\t\t\t\t\t\t\t\t<div class=\"swiper-slide\" role=\"group\" aria-roledescription=\"slide\">\n\t\t\t\t\t\t\t\t\t<div class=\"elementor-carousel-image\" role=\"img\" aria-label=\"Article-img_3-13122021.jpg\" style=\"background-image: url(&#039;https:\/\/dalomproduktion.se\/wp-content\/uploads\/2023\/01\/Article-img_3-13122021-1.jpg&#039;)\">\n\n\t\t\t\n\t\t\t\t\t<\/div>\n\t\t\t\t\t\t\t\t<\/div>\n\t\t\t\t\t\t\t\t\t\t\t<div class=\"swiper-slide\" role=\"group\" aria-roledescription=\"slide\">\n\t\t\t\t\t\t\t\t\t<div class=\"elementor-carousel-image\" role=\"img\" aria-label=\"Article-img_3-13122021.jpg\" style=\"background-image: url(&#039;https:\/\/dalomproduktion.se\/wp-content\/uploads\/2023\/01\/Article-img_3-13122021-1.jpg&#039;)\">\n\n\t\t\t\n\t\t\t\t\t<\/div>\n\t\t\t\t\t\t\t\t<\/div>\n\t\t\t\t\t\t\t\t\t\t\t<div class=\"swiper-slide\" role=\"group\" aria-roledescription=\"slide\">\n\t\t\t\t\t\t\t\t\t<div class=\"elementor-carousel-image\" role=\"img\" aria-label=\"Article-img_3-13122021.jpg\" style=\"background-image: url(&#039;https:\/\/dalomproduktion.se\/wp-content\/uploads\/2023\/01\/Article-img_3-13122021-1.jpg&#039;)\">\n\n\t\t\t\n\t\t\t\t\t<\/div>\n\t\t\t\t\t\t\t\t<\/div>\n\t\t\t\t\t\t\t\t\t\t\t<div class=\"swiper-slide\" role=\"group\" aria-roledescription=\"slide\">\n\t\t\t\t\t\t\t\t\t<div class=\"elementor-carousel-image\" role=\"img\" aria-label=\"Article-img_3-13122021.jpg\" style=\"background-image: url(&#039;https:\/\/dalomproduktion.se\/wp-content\/uploads\/2023\/01\/Article-img_3-13122021-1.jpg&#039;)\">\n\n\t\t\t\n\t\t\t\t\t<\/div>\n\t\t\t\t\t\t\t\t<\/div>\n\t\t\t\t\t\t\t\t\t\t\t<div class=\"swiper-slide\" role=\"group\" aria-roledescription=\"slide\">\n\t\t\t\t\t\t\t\t\t<div class=\"elementor-carousel-image\" role=\"img\" aria-label=\"Article-img_3-13122021.jpg\" style=\"background-image: url(&#039;https:\/\/dalomproduktion.se\/wp-content\/uploads\/2023\/01\/Article-img_3-13122021-1.jpg&#039;)\">\n\n\t\t\t\n\t\t\t\t\t<\/div>\n\t\t\t\t\t\t\t\t<\/div>\n\t\t\t\t\t\t\t\t\t<\/div>\n\t\t\t\t\t\t\t\t\t\t\t\t\t\t\t\t\t\t\t\t\t<\/div>\n\t\t\t\t<\/div>\n\t\t\t\t\t\t\t\t<\/div>\n\t\t\t\t<\/div>\n\t\t\t\t<\/div>\n\t\t\t\t\t<\/div>\n\t\t\t\t<\/div>\n\t\t\t\t<\/div>\n\t\t","protected":false},"excerpt":{"rendered":"<p>Wir \u00fcber uns Der Betrieb von Dalom Produktions hat seinen Sitz in Mockfj\u00e4rd, einer sch\u00f6nen Gemeinde mitten in Dalarna! Die Dalom Produktion begann vor 50 Jahren mit der Herstellung von Maler- und Tapezierwerkzeugen. Heute, unter neuen Eigent\u00fcmern, besteht der Wille zu investieren und zu expandieren. Dala Dispenser-Klebebandhalter, Serviceeins\u00e4tze, Aschenbecher, B-Safespray und Peewee-Club sind der Beweis [&hellip;]<\/p>\n","protected":false},"author":1,"featured_media":8907,"parent":0,"menu_order":30,"comment_status":"closed","ping_status":"closed","template":"elementor_header_footer","meta":{"footnotes":""},"class_list":["post-10104","page","type-page","status-publish","has-post-thumbnail","hentry","entry","has-media","owp-thumbs-layout-horizontal","owp-btn-normal","owp-tabs-layout-horizontal","has-no-thumbnails","has-product-nav","circle-sale"],"_links":{"self":[{"href":"https:\/\/dalomproduktion.se\/de\/wp-json\/wp\/v2\/pages\/10104","targetHints":{"allow":["GET"]}}],"collection":[{"href":"https:\/\/dalomproduktion.se\/de\/wp-json\/wp\/v2\/pages"}],"about":[{"href":"https:\/\/dalomproduktion.se\/de\/wp-json\/wp\/v2\/types\/page"}],"author":[{"embeddable":true,"href":"https:\/\/dalomproduktion.se\/de\/wp-json\/wp\/v2\/users\/1"}],"replies":[{"embeddable":true,"href":"https:\/\/dalomproduktion.se\/de\/wp-json\/wp\/v2\/comments?post=10104"}],"version-history":[{"count":0,"href":"https:\/\/dalomproduktion.se\/de\/wp-json\/wp\/v2\/pages\/10104\/revisions"}],"wp:featuredmedia":[{"embeddable":true,"href":"https:\/\/dalomproduktion.se\/de\/wp-json\/wp\/v2\/media\/8907"}],"wp:attachment":[{"href":"https:\/\/dalomproduktion.se\/de\/wp-json\/wp\/v2\/media?parent=10104"}],"curies":[{"name":"wp","href":"https:\/\/api.w.org\/{rel}","templated":true}]}}