{"id":11305,"date":"2023-05-23T17:10:19","date_gmt":"2023-05-23T15:10:19","guid":{"rendered":"http:\/\/new.dalomproduktion.se\/butik\/unkategorisiert\/tapetavrivare\/"},"modified":"2023-05-23T17:10:19","modified_gmt":"2023-05-23T15:10:19","slug":"tapetavrivare","status":"publish","type":"product","link":"https:\/\/dalomproduktion.se\/de\/butik\/tapetenwerkzeug\/tapetavrivare\/","title":{"rendered":"Tapetavrivare"},"content":{"rendered":"","protected":false},"excerpt":{"rendered":"<p><i>H\u00e4rdat st\u00e5lblad med handtag av bj\u00f6rktr\u00e4.<\/i><\/p>\n","protected":false},"featured_media":9642,"template":"","meta":[],"product_brand":[],"product_cat":[330],"product_tag":[],"class_list":{"0":"post-11305","1":"product","2":"type-product","3":"status-publish","4":"has-post-thumbnail","6":"product_cat-tapetenwerkzeug","8":"entry","9":"has-media","11":"first","12":"instock","13":"taxable","14":"shipping-taxable","15":"product-type-simple","16":"has-product-nav","17":"col","18":"span_1_of_3","19":"owp-content-center","20":"owp-thumbs-layout-horizontal","21":"owp-btn-normal","22":"owp-tabs-layout-horizontal","23":"has-no-thumbnails","25":"circle-sale"},"_links":{"self":[{"href":"https:\/\/dalomproduktion.se\/de\/wp-json\/wp\/v2\/product\/11305","targetHints":{"allow":["GET"]}}],"collection":[{"href":"https:\/\/dalomproduktion.se\/de\/wp-json\/wp\/v2\/product"}],"about":[{"href":"https:\/\/dalomproduktion.se\/de\/wp-json\/wp\/v2\/types\/product"}],"version-history":[{"count":0,"href":"https:\/\/dalomproduktion.se\/de\/wp-json\/wp\/v2\/product\/11305\/revisions"}],"wp:featuredmedia":[{"embeddable":true,"href":"https:\/\/dalomproduktion.se\/de\/wp-json\/wp\/v2\/media\/9642"}],"wp:attachment":[{"href":"https:\/\/dalomproduktion.se\/de\/wp-json\/wp\/v2\/media?parent=11305"}],"wp:term":[{"taxonomy":"product_brand","embeddable":true,"href":"https:\/\/dalomproduktion.se\/de\/wp-json\/wp\/v2\/product_brand?post=11305"},{"taxonomy":"product_cat","embeddable":true,"href":"https:\/\/dalomproduktion.se\/de\/wp-json\/wp\/v2\/product_cat?post=11305"},{"taxonomy":"product_tag","embeddable":true,"href":"https:\/\/dalomproduktion.se\/de\/wp-json\/wp\/v2\/product_tag?post=11305"}],"curies":[{"name":"wp","href":"https:\/\/api.w.org\/{rel}","templated":true}]}}