{"id":11314,"date":"2023-05-23T13:45:15","date_gmt":"2023-05-23T11:45:15","guid":{"rendered":"http:\/\/new.dalomproduktion.se\/butik\/unkategorisiert\/fast-slipverktyg\/"},"modified":"2023-05-23T13:45:15","modified_gmt":"2023-05-23T11:45:15","slug":"fast-slipverktyg","status":"publish","type":"product","link":"https:\/\/dalomproduktion.se\/de\/butik\/schleifwerkzeug\/fast-slipverktyg\/","title":{"rendered":"Fast slipverktyg"},"content":{"rendered":"","protected":false},"excerpt":{"rendered":"<p><i>Fast handtag i pl\u00e5t, plattor av st\u00e5l och filtkl\u00e4dd h\u00e5rdplast.<\/i><\/p>\n","protected":false},"featured_media":9201,"template":"","meta":[],"product_brand":[],"product_cat":[324],"product_tag":[],"class_list":{"0":"post-11314","1":"product","2":"type-product","3":"status-publish","4":"has-post-thumbnail","6":"product_cat-schleifwerkzeug","8":"entry","9":"has-media","11":"first","12":"instock","13":"taxable","14":"shipping-taxable","15":"product-type-simple","16":"has-product-nav","17":"col","18":"span_1_of_3","19":"owp-content-center","20":"owp-thumbs-layout-horizontal","21":"owp-btn-normal","22":"owp-tabs-layout-horizontal","23":"has-no-thumbnails","25":"circle-sale"},"_links":{"self":[{"href":"https:\/\/dalomproduktion.se\/de\/wp-json\/wp\/v2\/product\/11314","targetHints":{"allow":["GET"]}}],"collection":[{"href":"https:\/\/dalomproduktion.se\/de\/wp-json\/wp\/v2\/product"}],"about":[{"href":"https:\/\/dalomproduktion.se\/de\/wp-json\/wp\/v2\/types\/product"}],"version-history":[{"count":0,"href":"https:\/\/dalomproduktion.se\/de\/wp-json\/wp\/v2\/product\/11314\/revisions"}],"wp:featuredmedia":[{"embeddable":true,"href":"https:\/\/dalomproduktion.se\/de\/wp-json\/wp\/v2\/media\/9201"}],"wp:attachment":[{"href":"https:\/\/dalomproduktion.se\/de\/wp-json\/wp\/v2\/media?parent=11314"}],"wp:term":[{"taxonomy":"product_brand","embeddable":true,"href":"https:\/\/dalomproduktion.se\/de\/wp-json\/wp\/v2\/product_brand?post=11314"},{"taxonomy":"product_cat","embeddable":true,"href":"https:\/\/dalomproduktion.se\/de\/wp-json\/wp\/v2\/product_cat?post=11314"},{"taxonomy":"product_tag","embeddable":true,"href":"https:\/\/dalomproduktion.se\/de\/wp-json\/wp\/v2\/product_tag?post=11314"}],"curies":[{"name":"wp","href":"https:\/\/api.w.org\/{rel}","templated":true}]}}