{"id":9988,"date":"2023-01-27T09:05:05","date_gmt":"2023-01-27T08:05:05","guid":{"rendered":"http:\/\/new.dalomproduktion.se\/home\/"},"modified":"2023-05-31T07:16:54","modified_gmt":"2023-05-31T05:16:54","slug":"home","status":"publish","type":"page","link":"https:\/\/dalomproduktion.se\/en\/","title":{"rendered":"Home"},"content":{"rendered":"\t\t<div data-elementor-type=\"wp-page\" data-elementor-id=\"9988\" class=\"elementor elementor-9988 elementor-3693\" data-elementor-post-type=\"page\">\n\t\t\t\t<div class=\"elementor-element elementor-element-4b342a1f e-con-full e-flex e-con e-parent\" data-id=\"4b342a1f\" data-element_type=\"container\" data-e-type=\"container\">\n\t\t<div class=\"elementor-element elementor-element-407579ef e-con-full e-flex e-con e-child\" data-id=\"407579ef\" data-element_type=\"container\" data-e-type=\"container\" data-settings=\"{&quot;background_background&quot;:&quot;classic&quot;}\">\n\t\t\t\t<div class=\"elementor-element elementor-element-5790ddd8 elementor-widget__width-initial elementor-widget elementor-widget-image\" data-id=\"5790ddd8\" data-element_type=\"widget\" data-e-type=\"widget\" data-widget_type=\"image.default\">\n\t\t\t\t<div class=\"elementor-widget-container\">\n\t\t\t\t\t\t\t\t\t\t\t\t\t\t\t<img fetchpriority=\"high\" decoding=\"async\" width=\"768\" height=\"1024\" src=\"https:\/\/dalomproduktion.se\/wp-content\/uploads\/2023\/05\/startbild_800-768x1024.jpg\" class=\"attachment-large size-large wp-image-10506\" alt=\"\" srcset=\"https:\/\/dalomproduktion.se\/wp-content\/uploads\/2023\/05\/startbild_800-768x1024.jpg 768w, https:\/\/dalomproduktion.se\/wp-content\/uploads\/2023\/05\/startbild_800-225x300.jpg 225w, https:\/\/dalomproduktion.se\/wp-content\/uploads\/2023\/05\/startbild_800-500x667.jpg 500w, https:\/\/dalomproduktion.se\/wp-content\/uploads\/2023\/05\/startbild_800.jpg 800w\" sizes=\"(max-width: 768px) 100vw, 768px\" \/>\t\t\t\t\t\t\t\t\t\t\t\t\t\t\t<\/div>\n\t\t\t\t<\/div>\n\t\t\t\t<\/div>\n\t\t<div class=\"elementor-element elementor-element-71e5fd07 e-con-full e-flex e-con e-child\" data-id=\"71e5fd07\" data-element_type=\"container\" data-e-type=\"container\">\n\t\t\t\t<div class=\"elementor-element elementor-element-66c5d829 elementor-widget__width-inherit elementor-widget elementor-widget-heading\" data-id=\"66c5d829\" data-element_type=\"widget\" data-e-type=\"widget\" data-widget_type=\"heading.default\">\n\t\t\t\t<div class=\"elementor-widget-container\">\n\t\t\t\t\t<h1 class=\"elementor-heading-title elementor-size-default\">Painting tools<\/h1>\t\t\t\t<\/div>\n\t\t\t\t<\/div>\n\t\t\t\t<div class=\"elementor-element elementor-element-451ed56f elementor-widget__width-inherit elementor-widget elementor-widget-text-editor\" data-id=\"451ed56f\" data-element_type=\"widget\" data-e-type=\"widget\" data-widget_type=\"text-editor.default\">\n\t\t\t\t<div class=\"elementor-widget-container\">\n\t\t\t\t\t\t\t\t\t<p>&#8230; lies Mockfj\u00e4rd. Dalom Production is also located here. We manufacture various types of painting tools cost-effectively of the right quality in Sweden.<\/p>\n<p>Swedish-made quality products with fast deliveries in large and small volumes. We always deliver perfect products to our customers in a sustainable way by taking care of people and our environment.<\/p>\n<p>We also perform various types of service tasks and have a production of ash urns for animal cremation.<\/p>\n\t\t\t\t\t\t\t\t<\/div>\n\t\t\t\t<\/div>\n\t\t\t\t<div class=\"elementor-element elementor-element-39e62b65 elementor-widget__width-inherit elementor-widget elementor-widget-button\" data-id=\"39e62b65\" data-element_type=\"widget\" data-e-type=\"widget\" data-widget_type=\"button.default\">\n\t\t\t\t<div class=\"elementor-widget-container\">\n\t\t\t\t\t\t\t\t\t<div class=\"elementor-button-wrapper\">\n\t\t\t\t\t<a class=\"elementor-button elementor-button-link elementor-size-sm\" href=\"http:\/\/dalomproduktion.se\/en\/vara-produkter\/\">\n\t\t\t\t\t\t<span class=\"elementor-button-content-wrapper\">\n\t\t\t\t\t\t\t\t\t<span class=\"elementor-button-text\">Visit our shop<\/span>\n\t\t\t\t\t<\/span>\n\t\t\t\t\t<\/a>\n\t\t\t\t<\/div>\n\t\t\t\t\t\t\t\t<\/div>\n\t\t\t\t<\/div>\n\t\t\t\t<\/div>\n\t\t\t\t<\/div>\n\t\t<div class=\"elementor-element elementor-element-3a80a608 e-con-full e-flex e-con e-parent\" data-id=\"3a80a608\" data-element_type=\"container\" data-e-type=\"container\" data-settings=\"{&quot;background_background&quot;:&quot;classic&quot;}\">\n\t\t<div class=\"elementor-element elementor-element-77a6faf6 e-flex e-con-boxed e-con e-child\" data-id=\"77a6faf6\" data-element_type=\"container\" data-e-type=\"container\" data-settings=\"{&quot;background_background&quot;:&quot;classic&quot;}\">\n\t\t\t\t\t<div class=\"e-con-inner\">\n\t\t\t\t<div class=\"elementor-element elementor-element-2c0da441 elementor-widget elementor-widget-heading\" data-id=\"2c0da441\" data-element_type=\"widget\" data-e-type=\"widget\" data-widget_type=\"heading.default\">\n\t\t\t\t<div class=\"elementor-widget-container\">\n\t\t\t\t\t<h2 class=\"elementor-heading-title elementor-size-default\">Produkt categories<\/h2>\t\t\t\t<\/div>\n\t\t\t\t<\/div>\n\t\t\t\t<div class=\"elementor-element elementor-element-6a164ae elementor-product-loop-item--align-center elementor-grid-mobile-2 elementor-grid-tablet-2 elementor-grid-6 elementor-products-grid elementor-wc-products elementor-widget elementor-widget-wc-categories\" data-id=\"6a164ae\" data-element_type=\"widget\" data-e-type=\"widget\" data-widget_type=\"wc-categories.default\">\n\t\t\t\t<div class=\"elementor-widget-container\">\n\t\t\t\t\t<div class=\"woocommerce columns-6\">\r\n<ul class=\"products elementor-grid oceanwp-row clr grid tablet-col tablet-2-col mobile-col mobile-1-col\">\r\n<li class=\"product-category product first col span_1_of_6\">\n\t<a aria-label=\"Visit product category Spatulas\" href=\"https:\/\/dalomproduktion.se\/en\/product-category\/spatulas\/\"><div class=\"product-inner clr\"><div class=\"woo-entry-image clr\"><a href=\"https:\/\/dalomproduktion.se\/en\/product-category\/spatulas\/\"><img decoding=\"async\" src=\"https:\/\/dalomproduktion.se\/wp-content\/uploads\/2023\/05\/kategori_spacklar-1.jpg\" alt=\"Spatulas\" width=\"500\" height=\"500\" srcset=\"https:\/\/dalomproduktion.se\/wp-content\/uploads\/2023\/05\/kategori_spacklar-1.jpg 300w, https:\/\/dalomproduktion.se\/wp-content\/uploads\/2023\/05\/kategori_spacklar-1-150x150.jpg 150w, https:\/\/dalomproduktion.se\/wp-content\/uploads\/2023\/05\/kategori_spacklar-1-100x100.jpg 100w\" sizes=\"(max-width: 300px) 100vw, 300px\" \/><\/a><\/div><div class=\"woo-entry-inner clr\"><a href=\"https:\/\/dalomproduktion.se\/en\/product-category\/spatulas\/\">\t\t<h2 class=\"woocommerce-loop-category__title\">\n\t\t\tSpatulas <mark class=\"count\">(1)<\/mark>\t\t<\/h2>\n\t\t<\/a><div class=\"woo-desc\"><div class=\"description\">10<\/div><\/div><\/div><\/div><\/a><\/li>\n<li class=\"product-category product col span_1_of_6\">\n\t<a aria-label=\"Visit product category Wallpapering tools\" href=\"https:\/\/dalomproduktion.se\/en\/product-category\/wallpapering-tools\/\"><div class=\"product-inner clr\"><div class=\"woo-entry-image clr\"><a href=\"https:\/\/dalomproduktion.se\/en\/product-category\/wallpapering-tools\/\"><img decoding=\"async\" src=\"https:\/\/dalomproduktion.se\/wp-content\/uploads\/2023\/10\/limspridare-vit-230mm.jpg\" alt=\"Wallpapering tools\" width=\"500\" height=\"500\" srcset=\"https:\/\/dalomproduktion.se\/wp-content\/uploads\/2023\/10\/limspridare-vit-230mm.jpg 300w, https:\/\/dalomproduktion.se\/wp-content\/uploads\/2023\/10\/limspridare-vit-230mm-150x150.jpg 150w, https:\/\/dalomproduktion.se\/wp-content\/uploads\/2023\/10\/limspridare-vit-230mm-100x100.jpg 100w\" sizes=\"(max-width: 300px) 100vw, 300px\" \/><\/a><\/div><div class=\"woo-entry-inner clr\"><a href=\"https:\/\/dalomproduktion.se\/en\/product-category\/wallpapering-tools\/\">\t\t<h2 class=\"woocommerce-loop-category__title\">\n\t\t\tWallpapering tools <mark class=\"count\">(1)<\/mark>\t\t<\/h2>\n\t\t<\/a><div class=\"woo-desc\"><div class=\"description\">20<\/div><\/div><\/div><\/div><\/a><\/li>\n<li class=\"product-category product col span_1_of_6\">\n\t<a aria-label=\"Visit product category Sanding tools\" href=\"https:\/\/dalomproduktion.se\/en\/product-category\/sanding-tools\/\"><div class=\"product-inner clr\"><div class=\"woo-entry-image clr\"><a href=\"https:\/\/dalomproduktion.se\/en\/product-category\/sanding-tools\/\"><img loading=\"lazy\" decoding=\"async\" src=\"https:\/\/dalomproduktion.se\/wp-content\/uploads\/2023\/05\/kategori_slipverktyg-1.jpg\" alt=\"Sanding tools\" width=\"500\" height=\"500\" srcset=\"https:\/\/dalomproduktion.se\/wp-content\/uploads\/2023\/05\/kategori_slipverktyg-1.jpg 300w, https:\/\/dalomproduktion.se\/wp-content\/uploads\/2023\/05\/kategori_slipverktyg-1-150x150.jpg 150w, https:\/\/dalomproduktion.se\/wp-content\/uploads\/2023\/05\/kategori_slipverktyg-1-100x100.jpg 100w\" sizes=\"(max-width: 300px) 100vw, 300px\" \/><\/a><\/div><div class=\"woo-entry-inner clr\"><a href=\"https:\/\/dalomproduktion.se\/en\/product-category\/sanding-tools\/\">\t\t<h2 class=\"woocommerce-loop-category__title\">\n\t\t\tSanding tools <mark class=\"count\">(2)<\/mark>\t\t<\/h2>\n\t\t<\/a><div class=\"woo-desc\"><div class=\"description\">30<\/div><\/div><\/div><\/div><\/a><\/li>\n<li class=\"product-category product col span_1_of_6\">\n\t<a aria-label=\"Visit product category Miscellaneous\" href=\"https:\/\/dalomproduktion.se\/en\/product-category\/miscellaneous\/\"><div class=\"product-inner clr\"><div class=\"woo-entry-image clr\"><a href=\"https:\/\/dalomproduktion.se\/en\/product-category\/miscellaneous\/\"><img loading=\"lazy\" decoding=\"async\" src=\"https:\/\/dalomproduktion.se\/wp-content\/uploads\/2023\/05\/kategori_ovrigt.jpg\" alt=\"Miscellaneous\" width=\"500\" height=\"500\" srcset=\"https:\/\/dalomproduktion.se\/wp-content\/uploads\/2023\/05\/kategori_ovrigt.jpg 300w, https:\/\/dalomproduktion.se\/wp-content\/uploads\/2023\/05\/kategori_ovrigt-150x150.jpg 150w, https:\/\/dalomproduktion.se\/wp-content\/uploads\/2023\/05\/kategori_ovrigt-100x100.jpg 100w\" sizes=\"(max-width: 300px) 100vw, 300px\" \/><\/a><\/div><div class=\"woo-entry-inner clr\"><a href=\"https:\/\/dalomproduktion.se\/en\/product-category\/miscellaneous\/\">\t\t<h2 class=\"woocommerce-loop-category__title\">\n\t\t\tMiscellaneous <mark class=\"count\">(1)<\/mark>\t\t<\/h2>\n\t\t<\/a><div class=\"woo-desc\"><div class=\"description\">40<\/div><\/div><\/div><\/div><\/a><\/li>\n<li class=\"product-category product col span_1_of_6\">\n\t<a aria-label=\"Visit product category Urns\" href=\"https:\/\/dalomproduktion.se\/en\/product-category\/urns\/\"><div class=\"product-inner clr\"><div class=\"woo-entry-image clr\"><a href=\"https:\/\/dalomproduktion.se\/en\/product-category\/urns\/\"><img loading=\"lazy\" decoding=\"async\" src=\"https:\/\/dalomproduktion.se\/wp-content\/uploads\/2023\/11\/ASKURNOR-Mini-1.jpg\" alt=\"Urns\" width=\"500\" height=\"500\" srcset=\"https:\/\/dalomproduktion.se\/wp-content\/uploads\/2023\/11\/ASKURNOR-Mini-1.jpg 315w, https:\/\/dalomproduktion.se\/wp-content\/uploads\/2023\/11\/ASKURNOR-Mini-1-300x200.jpg 300w\" sizes=\"(max-width: 315px) 100vw, 315px\" \/><\/a><\/div><div class=\"woo-entry-inner clr\"><a href=\"https:\/\/dalomproduktion.se\/en\/product-category\/urns\/\">\t\t<h2 class=\"woocommerce-loop-category__title\">\n\t\t\tUrns <mark class=\"count\">(1)<\/mark>\t\t<\/h2>\n\t\t<\/a><div class=\"woo-desc\"><div class=\"description\">50 Vi tillverkar Askurnor i plywood till Djurkremering i olika storlekar.<\/div><\/div><\/div><\/div><\/a><\/li>\n<li class=\"product-category product last col span_1_of_6\">\n\t<a aria-label=\"Visit product category Service assignments\" href=\"https:\/\/dalomproduktion.se\/en\/product-category\/service-assignments\/\"><div class=\"product-inner clr\"><div class=\"woo-entry-image clr\"><a href=\"https:\/\/dalomproduktion.se\/en\/product-category\/service-assignments\/\"><img loading=\"lazy\" decoding=\"async\" src=\"https:\/\/dalomproduktion.se\/wp-content\/uploads\/2023\/05\/kategori_serviceuppdrag.jpg\" alt=\"Service assignments\" width=\"500\" height=\"500\" srcset=\"https:\/\/dalomproduktion.se\/wp-content\/uploads\/2023\/05\/kategori_serviceuppdrag.jpg 300w, https:\/\/dalomproduktion.se\/wp-content\/uploads\/2023\/05\/kategori_serviceuppdrag-150x150.jpg 150w, https:\/\/dalomproduktion.se\/wp-content\/uploads\/2023\/05\/kategori_serviceuppdrag-100x100.jpg 100w\" sizes=\"(max-width: 300px) 100vw, 300px\" \/><\/a><\/div><div class=\"woo-entry-inner clr\"><a href=\"https:\/\/dalomproduktion.se\/en\/product-category\/service-assignments\/\">\t\t<h2 class=\"woocommerce-loop-category__title\">\n\t\t\tService assignments <mark class=\"count\">(1)<\/mark>\t\t<\/h2>\n\t\t<\/a><div class=\"woo-desc\"><div class=\"description\">60 Vi utf\u00f6r olika typer av serviceuppdrag till f\u00f6retag som snabbt beh\u00f6ver hj\u00e4lp med tex ompackning eller omm\u00e4rkning av en produkt.<\/div><\/div><\/div><\/div><\/a><\/li>\n<\/ul>\n<\/div>\t\t\t\t<\/div>\n\t\t\t\t<\/div>\n\t\t\t\t\t<\/div>\n\t\t\t\t<\/div>\n\t\t\t\t<\/div>\n\t\t<div class=\"elementor-element elementor-element-7ccd4660 e-con-full e-flex e-con e-parent\" data-id=\"7ccd4660\" data-element_type=\"container\" data-e-type=\"container\">\n\t\t\t\t<div class=\"elementor-element elementor-element-4b8f1bfc elementor-widget elementor-widget-gallery\" data-id=\"4b8f1bfc\" data-element_type=\"widget\" data-e-type=\"widget\" data-settings=\"{&quot;lazyload&quot;:&quot;yes&quot;,&quot;gallery_layout&quot;:&quot;grid&quot;,&quot;columns&quot;:4,&quot;columns_tablet&quot;:2,&quot;columns_mobile&quot;:1,&quot;gap&quot;:{&quot;unit&quot;:&quot;px&quot;,&quot;size&quot;:10,&quot;sizes&quot;:[]},&quot;gap_tablet&quot;:{&quot;unit&quot;:&quot;px&quot;,&quot;size&quot;:10,&quot;sizes&quot;:[]},&quot;gap_mobile&quot;:{&quot;unit&quot;:&quot;px&quot;,&quot;size&quot;:10,&quot;sizes&quot;:[]},&quot;link_to&quot;:&quot;file&quot;,&quot;aspect_ratio&quot;:&quot;3:2&quot;,&quot;overlay_background&quot;:&quot;yes&quot;,&quot;content_hover_animation&quot;:&quot;fade-in&quot;}\" data-widget_type=\"gallery.default\">\n\t\t\t\t<div class=\"elementor-widget-container\">\n\t\t\t\t\t\t\t<div class=\"elementor-gallery__container\">\n\t\t\t\t\t\t\t<a class=\"e-gallery-item elementor-gallery-item elementor-animated-content\" href=\"https:\/\/dalomproduktion.se\/wp-content\/uploads\/2023\/05\/startbild_opt4.jpg\" data-elementor-open-lightbox=\"yes\" data-elementor-lightbox-slideshow=\"4b8f1bfc\" data-elementor-lightbox-title=\"startbild_opt4\" data-e-action-hash=\"#elementor-action%3Aaction%3Dlightbox%26settings%3DeyJpZCI6MTA1ODcsInVybCI6Imh0dHBzOlwvXC9kYWxvbXByb2R1a3Rpb24uc2VcL3dwLWNvbnRlbnRcL3VwbG9hZHNcLzIwMjNcLzA1XC9zdGFydGJpbGRfb3B0NC5qcGciLCJzbGlkZXNob3ciOiI0YjhmMWJmYyJ9\">\n\t\t\t\t\t<div class=\"e-gallery-image elementor-gallery-item__image\" data-thumbnail=\"https:\/\/dalomproduktion.se\/wp-content\/uploads\/2023\/05\/startbild_opt4.jpg\" data-width=\"600\" data-height=\"800\" aria-label=\"\" role=\"img\" ><\/div>\n\t\t\t\t\t\t\t\t\t\t\t<div class=\"elementor-gallery-item__overlay\"><\/div>\n\t\t\t\t\t\t\t\t\t\t\t\t\t\t<\/a>\n\t\t\t\t\t\t\t<a class=\"e-gallery-item elementor-gallery-item elementor-animated-content\" href=\"https:\/\/dalomproduktion.se\/wp-content\/uploads\/2023\/05\/startbild_opt.jpg\" data-elementor-open-lightbox=\"yes\" data-elementor-lightbox-slideshow=\"4b8f1bfc\" data-elementor-lightbox-title=\"startbild_opt\" data-e-action-hash=\"#elementor-action%3Aaction%3Dlightbox%26settings%3DeyJpZCI6MTA1NzgsInVybCI6Imh0dHBzOlwvXC9kYWxvbXByb2R1a3Rpb24uc2VcL3dwLWNvbnRlbnRcL3VwbG9hZHNcLzIwMjNcLzA1XC9zdGFydGJpbGRfb3B0LmpwZyIsInNsaWRlc2hvdyI6IjRiOGYxYmZjIn0%3D\">\n\t\t\t\t\t<div class=\"e-gallery-image elementor-gallery-item__image\" data-thumbnail=\"https:\/\/dalomproduktion.se\/wp-content\/uploads\/2023\/05\/startbild_opt.jpg\" data-width=\"600\" data-height=\"800\" aria-label=\"\" role=\"img\" ><\/div>\n\t\t\t\t\t\t\t\t\t\t\t<div class=\"elementor-gallery-item__overlay\"><\/div>\n\t\t\t\t\t\t\t\t\t\t\t\t\t\t<\/a>\n\t\t\t\t\t\t\t<a class=\"e-gallery-item elementor-gallery-item elementor-animated-content\" href=\"https:\/\/dalomproduktion.se\/wp-content\/uploads\/2023\/05\/startbild_opt3.jpg\" data-elementor-open-lightbox=\"yes\" data-elementor-lightbox-slideshow=\"4b8f1bfc\" data-elementor-lightbox-title=\"startbild_opt3\" data-e-action-hash=\"#elementor-action%3Aaction%3Dlightbox%26settings%3DeyJpZCI6MTA1OTYsInVybCI6Imh0dHBzOlwvXC9kYWxvbXByb2R1a3Rpb24uc2VcL3dwLWNvbnRlbnRcL3VwbG9hZHNcLzIwMjNcLzA1XC9zdGFydGJpbGRfb3B0My5qcGciLCJzbGlkZXNob3ciOiI0YjhmMWJmYyJ9\">\n\t\t\t\t\t<div class=\"e-gallery-image elementor-gallery-item__image\" data-thumbnail=\"https:\/\/dalomproduktion.se\/wp-content\/uploads\/2023\/05\/startbild_opt3.jpg\" data-width=\"600\" data-height=\"800\" aria-label=\"\" role=\"img\" ><\/div>\n\t\t\t\t\t\t\t\t\t\t\t<div class=\"elementor-gallery-item__overlay\"><\/div>\n\t\t\t\t\t\t\t\t\t\t\t\t\t\t<\/a>\n\t\t\t\t\t\t\t<a class=\"e-gallery-item elementor-gallery-item elementor-animated-content\" href=\"https:\/\/dalomproduktion.se\/wp-content\/uploads\/2023\/05\/startbild-opt2.jpg\" data-elementor-open-lightbox=\"yes\" data-elementor-lightbox-slideshow=\"4b8f1bfc\" data-elementor-lightbox-title=\"Spackel med vitt st\u00e5l\" data-e-action-hash=\"#elementor-action%3Aaction%3Dlightbox%26settings%3DeyJpZCI6MTA2MDUsInVybCI6Imh0dHBzOlwvXC9kYWxvbXByb2R1a3Rpb24uc2VcL3dwLWNvbnRlbnRcL3VwbG9hZHNcLzIwMjNcLzA1XC9zdGFydGJpbGQtb3B0Mi5qcGciLCJzbGlkZXNob3ciOiI0YjhmMWJmYyJ9\">\n\t\t\t\t\t<div class=\"e-gallery-image elementor-gallery-item__image\" data-thumbnail=\"https:\/\/dalomproduktion.se\/wp-content\/uploads\/2023\/05\/startbild-opt2.jpg\" data-width=\"600\" data-height=\"800\" aria-label=\"\" role=\"img\" ><\/div>\n\t\t\t\t\t\t\t\t\t\t\t<div class=\"elementor-gallery-item__overlay\"><\/div>\n\t\t\t\t\t\t\t\t\t\t\t\t\t\t<\/a>\n\t\t\t\t\t<\/div>\n\t\t\t\t\t<\/div>\n\t\t\t\t<\/div>\n\t\t\t\t<\/div>\n\t\t<div class=\"elementor-element elementor-element-8eaad24 e-flex e-con-boxed e-con e-parent\" data-id=\"8eaad24\" data-element_type=\"container\" data-e-type=\"container\">\n\t\t\t\t\t<div class=\"e-con-inner\">\n\t\t\t\t<div class=\"elementor-element elementor-element-c3e7c8f elementor-widget elementor-widget-heading\" data-id=\"c3e7c8f\" data-element_type=\"widget\" data-e-type=\"widget\" data-widget_type=\"heading.default\">\n\t\t\t\t<div class=\"elementor-widget-container\">\n\t\t\t\t\t<h2 class=\"elementor-heading-title elementor-size-default\">Instagram<\/h2>\t\t\t\t<\/div>\n\t\t\t\t<\/div>\n\t\t\t\t<div class=\"elementor-element elementor-element-7032667 elementor-widget elementor-widget-shortcode\" data-id=\"7032667\" data-element_type=\"widget\" data-e-type=\"widget\" data-widget_type=\"shortcode.default\">\n\t\t\t\t<div class=\"elementor-widget-container\">\n\t\t\t\t\t\t\t<div class=\"elementor-shortcode\"><\/div>\n\t\t\t\t\t\t<\/div>\n\t\t\t\t<\/div>\n\t\t\t\t\t<\/div>\n\t\t\t\t<\/div>\n\t\t\t\t<\/div>\n\t\t","protected":false},"excerpt":{"rendered":"<p>Painting tools &#8230; lies Mockfj\u00e4rd. Dalom Production is also located here. We manufacture various types of painting tools cost-effectively of the right quality in Sweden. Swedish-made quality products with fast deliveries in large and small volumes. We always deliver perfect products to our customers in a sustainable way by taking care of people and our [&hellip;]<\/p>\n","protected":false},"author":1,"featured_media":0,"parent":0,"menu_order":0,"comment_status":"closed","ping_status":"closed","template":"elementor_header_footer","meta":{"footnotes":""},"class_list":["post-9988","page","type-page","status-publish","hentry","entry","owp-thumbs-layout-horizontal","owp-btn-normal","owp-tabs-layout-horizontal","has-no-thumbnails","has-product-nav","circle-sale"],"_links":{"self":[{"href":"https:\/\/dalomproduktion.se\/en\/wp-json\/wp\/v2\/pages\/9988","targetHints":{"allow":["GET"]}}],"collection":[{"href":"https:\/\/dalomproduktion.se\/en\/wp-json\/wp\/v2\/pages"}],"about":[{"href":"https:\/\/dalomproduktion.se\/en\/wp-json\/wp\/v2\/types\/page"}],"author":[{"embeddable":true,"href":"https:\/\/dalomproduktion.se\/en\/wp-json\/wp\/v2\/users\/1"}],"replies":[{"embeddable":true,"href":"https:\/\/dalomproduktion.se\/en\/wp-json\/wp\/v2\/comments?post=9988"}],"version-history":[{"count":0,"href":"https:\/\/dalomproduktion.se\/en\/wp-json\/wp\/v2\/pages\/9988\/revisions"}],"wp:attachment":[{"href":"https:\/\/dalomproduktion.se\/en\/wp-json\/wp\/v2\/media?parent=9988"}],"curies":[{"name":"wp","href":"https:\/\/api.w.org\/{rel}","templated":true}]}}