{"id":11284,"date":"2023-05-23T16:54:21","date_gmt":"2023-05-23T14:54:21","guid":{"rendered":"http:\/\/new.dalomproduktion.se\/butik\/uncategorized\/ledbart-slipverktyg\/"},"modified":"2023-05-23T16:54:21","modified_gmt":"2023-05-23T14:54:21","slug":"ledbart-slipverktyg","status":"publish","type":"product","link":"https:\/\/dalomproduktion.se\/en\/butik\/sanding-tools\/ledbart-slipverktyg\/","title":{"rendered":"Ledbart slipverktyg"},"content":{"rendered":"","protected":false},"excerpt":{"rendered":"<p><i>En av v\u00e5ra stors\u00e4ljare! R\u00f6rligt plasthandtag, zinkled, plattor av st\u00e5l och filtkl\u00e4dd h\u00e5rdplast.<br \/>\nRobust och smidig p\u00e5 samma g\u00e5ng.<\/i><\/p>\n","protected":false},"featured_media":10371,"template":"","meta":[],"product_brand":[],"product_cat":[336],"product_tag":[],"class_list":{"0":"post-11284","1":"product","2":"type-product","3":"status-publish","4":"has-post-thumbnail","6":"product_cat-sanding-tools","8":"entry","9":"has-media","11":"first","12":"instock","13":"taxable","14":"shipping-taxable","15":"product-type-simple","16":"has-product-nav","17":"col","18":"span_1_of_3","19":"owp-content-center","20":"owp-thumbs-layout-horizontal","21":"owp-btn-normal","22":"owp-tabs-layout-horizontal","23":"has-no-thumbnails","25":"circle-sale"},"_links":{"self":[{"href":"https:\/\/dalomproduktion.se\/en\/wp-json\/wp\/v2\/product\/11284","targetHints":{"allow":["GET"]}}],"collection":[{"href":"https:\/\/dalomproduktion.se\/en\/wp-json\/wp\/v2\/product"}],"about":[{"href":"https:\/\/dalomproduktion.se\/en\/wp-json\/wp\/v2\/types\/product"}],"version-history":[{"count":0,"href":"https:\/\/dalomproduktion.se\/en\/wp-json\/wp\/v2\/product\/11284\/revisions"}],"wp:featuredmedia":[{"embeddable":true,"href":"https:\/\/dalomproduktion.se\/en\/wp-json\/wp\/v2\/media\/10371"}],"wp:attachment":[{"href":"https:\/\/dalomproduktion.se\/en\/wp-json\/wp\/v2\/media?parent=11284"}],"wp:term":[{"taxonomy":"product_brand","embeddable":true,"href":"https:\/\/dalomproduktion.se\/en\/wp-json\/wp\/v2\/product_brand?post=11284"},{"taxonomy":"product_cat","embeddable":true,"href":"https:\/\/dalomproduktion.se\/en\/wp-json\/wp\/v2\/product_cat?post=11284"},{"taxonomy":"product_tag","embeddable":true,"href":"https:\/\/dalomproduktion.se\/en\/wp-json\/wp\/v2\/product_tag?post=11284"}],"curies":[{"name":"wp","href":"https:\/\/api.w.org\/{rel}","templated":true}]}}