{"id":11287,"date":"2023-05-23T13:45:15","date_gmt":"2023-05-23T11:45:15","guid":{"rendered":"http:\/\/new.dalomproduktion.se\/butik\/uncategorized\/fast-slipverktyg\/"},"modified":"2023-05-30T22:26:05","modified_gmt":"2023-05-30T20:26:05","slug":"fast-slipverktyg","status":"publish","type":"product","link":"https:\/\/dalomproduktion.se\/en\/butik\/sanding-tools\/fast-slipverktyg\/","title":{"rendered":"Fast slipverktyg"},"content":{"rendered":"","protected":false},"excerpt":{"rendered":"<p><i>Fast handtag i pl\u00e5t, plattor av st\u00e5l och filtkl\u00e4dd h\u00e5rdplast.<\/i><\/p>\n","protected":false},"featured_media":7983,"template":"","meta":[],"product_brand":[],"product_cat":[336],"product_tag":[],"class_list":{"0":"post-11287","1":"product","2":"type-product","3":"status-publish","4":"has-post-thumbnail","6":"product_cat-sanding-tools","8":"entry","9":"has-media","11":"first","12":"instock","13":"taxable","14":"shipping-taxable","15":"product-type-simple","16":"has-product-nav","17":"col","18":"span_1_of_3","19":"owp-content-center","20":"owp-thumbs-layout-horizontal","21":"owp-btn-normal","22":"owp-tabs-layout-horizontal","23":"has-no-thumbnails","25":"circle-sale"},"_links":{"self":[{"href":"https:\/\/dalomproduktion.se\/en\/wp-json\/wp\/v2\/product\/11287","targetHints":{"allow":["GET"]}}],"collection":[{"href":"https:\/\/dalomproduktion.se\/en\/wp-json\/wp\/v2\/product"}],"about":[{"href":"https:\/\/dalomproduktion.se\/en\/wp-json\/wp\/v2\/types\/product"}],"version-history":[{"count":0,"href":"https:\/\/dalomproduktion.se\/en\/wp-json\/wp\/v2\/product\/11287\/revisions"}],"wp:featuredmedia":[{"embeddable":true,"href":"https:\/\/dalomproduktion.se\/en\/wp-json\/wp\/v2\/media\/7983"}],"wp:attachment":[{"href":"https:\/\/dalomproduktion.se\/en\/wp-json\/wp\/v2\/media?parent=11287"}],"wp:term":[{"taxonomy":"product_brand","embeddable":true,"href":"https:\/\/dalomproduktion.se\/en\/wp-json\/wp\/v2\/product_brand?post=11287"},{"taxonomy":"product_cat","embeddable":true,"href":"https:\/\/dalomproduktion.se\/en\/wp-json\/wp\/v2\/product_cat?post=11287"},{"taxonomy":"product_tag","embeddable":true,"href":"https:\/\/dalomproduktion.se\/en\/wp-json\/wp\/v2\/product_tag?post=11287"}],"curies":[{"name":"wp","href":"https:\/\/api.w.org\/{rel}","templated":true}]}}